{"id":861,"date":"2022-03-24T21:52:28","date_gmt":"2022-03-24T21:52:28","guid":{"rendered":"http:\/\/vefsida.tolvuland.is\/?page_id=861"},"modified":"2026-02-20T12:22:39","modified_gmt":"2026-02-20T12:22:39","slug":"starfsfolk","status":"publish","type":"page","link":"https:\/\/hnv.is\/index.php\/starfsfolk\/","title":{"rendered":"Starfsf\u00f3lk"},"content":{"rendered":"<p style=\"line-height: normal;\"><span style=\"font-size: 16px;\"><span style=\"font-family: verdana,geneva,sans-serif;\"><b>Sigr\u00ed\u00f0ur Hjaltad\u00f3ttir<\/b><\/span><\/span><\/p>\n<p><img loading=\"lazy\" decoding=\"async\" src=\"images\/stories\/sigridur.jpg\" alt=\"sigridur\" width=\"200\" height=\"149\" \/><\/p>\n<p style=\"line-height: normal;\"><span style=\"font-size: 12px;\"><span style=\"font-family: verdana,geneva,sans-serif;\">Framkv\u00e6mdastj\u00f3ri<br \/>\nT\u00f6lvup\u00f3stur: <span style=\"color: blue;\">sigridur@hnv.is<\/span><br \/>\nS\u00edmi 845 2838<\/span><\/span><\/p>\n<p style=\"line-height: normal;\"><span style=\"font-size: 12px;\"><span style=\"font-family: verdana,geneva,sans-serif;\">G\u00edgja Sigur\u00f0ard\u00f3ttir<br \/>\nT\u00f6lvup\u00f3stur: <a href=\"mailto:gigja@hnv.is\"><span style=\"color: blue;\">gigja@hnv.is<\/span><\/a><br \/>\nSkrifstofustj\u00f3ri<\/span><\/span><\/p>\n<p><span style=\"font-size: 12px;\"><span style=\"font-family: verdana,geneva,sans-serif;\">Andri M\u00e1r \u00deorsteinsson<br \/>\nT\u00f6lvup\u00f3stur: <span style=\"color: blue;\">andri@hnv.is<\/span><br \/>\nHeilbrig\u00f0isfulltr\u00fai<br \/>\nS\u00edmi 778 2056<\/span><\/span><\/p>\n<p><span style=\"font-size: 12px;\"><span style=\"font-family: verdana,geneva,sans-serif;\">Svavar Sigur\u00f0sson<br \/>\nT\u00f6lvup\u00f3stur: <span style=\"color: blue;\">svavar@hnv.is<\/span><br \/>\nHeilbrig\u00f0isfulltr\u00fai<br \/>\nS\u00edmi 825 4638<\/span><\/span><\/p>\n<p style=\"line-height: normal;\"><span style=\"font-size: 16px;\"><span style=\"font-family: verdana,geneva,sans-serif;\"><b>Heilbrig\u00f0isnefnd<\/b><\/span><\/span><\/p>\n<ul>\n<li><strong>Forma\u00f0ur;<\/strong> Arnar \u00de\u00f3r Stef\u00e1nsson, Fjallabygg\u00f0.<\/li>\n<li><strong>Varaforma\u00f0ur:<\/strong> R\u00f3bert Sm\u00e1ri Gunnarsson, Skagafir\u00f0i.<\/li>\n<li><strong>Samt\u00f6k atvinnul\u00edfsins:<\/strong> Gu\u00f0n\u00fd H. Kristj\u00e1nsd\u00f3ttir.<\/li>\n<li><strong>Me\u00f0stj\u00f3rnendur:<\/strong><\/li>\n<li>J\u00f3n Kolbeinn J\u00f3nsson, Skagafir\u00f0i.<\/li>\n<li>Ragnhildur Haraldsd\u00f3ttir, H\u00fanabygg\u00f0.<\/li>\n<li style=\"line-height: normal;\">Sigr\u00ed\u00f0ur \u00d3lafsd\u00f3ttir, H\u00fana\u00feingi vestra.<\/li>\n<\/ul>\n","protected":false},"excerpt":{"rendered":"<p>Sigr\u00ed\u00f0ur Hjaltad\u00f3ttir Framkv\u00e6mdastj\u00f3ri T\u00f6lvup\u00f3stur: sigridur@hnv.is S\u00edmi 845 2838 G\u00edgja Sigur\u00f0ard\u00f3ttir T\u00f6lvup\u00f3stur: gigja@hnv.is Skrifstofustj\u00f3ri Andri M\u00e1r \u00deorsteinsson T\u00f6lvup\u00f3stur: andri@hnv.is Heilbrig\u00f0isfulltr\u00fai S\u00edmi 778 2056 Svavar Sigur\u00f0sson T\u00f6lvup\u00f3stur: svavar@hnv.is Heilbrig\u00f0isfulltr\u00fai S\u00edmi 825 4638 Heilbrig\u00f0isnefnd Forma\u00f0ur; Arnar \u00de\u00f3r Stef\u00e1nsson, Fjallabygg\u00f0. Varaforma\u00f0ur: R\u00f3bert Sm\u00e1ri Gunnarsson, Skagafir\u00f0i. Samt\u00f6k atvinnul\u00edfsins: Gu\u00f0n\u00fd H. Kristj\u00e1nsd\u00f3ttir. Me\u00f0stj\u00f3rnendur: J\u00f3n Kolbeinn J\u00f3nsson, Skagafir\u00f0i. Ragnhildur Haraldsd\u00f3ttir, H\u00fanabygg\u00f0. Sigr\u00ed\u00f0ur [&hellip;]<\/p>\n","protected":false},"author":1,"featured_media":0,"parent":0,"menu_order":0,"comment_status":"closed","ping_status":"closed","template":"","meta":{"_et_pb_use_builder":"off","_et_pb_old_content":"","_et_gb_content_width":"","_monsterinsights_skip_tracking":false,"_monsterinsights_sitenote_active":false,"_monsterinsights_sitenote_note":"","_monsterinsights_sitenote_category":0,"footnotes":""},"class_list":["post-861","page","type-page","status-publish","hentry"],"_links":{"self":[{"href":"https:\/\/hnv.is\/index.php\/wp-json\/wp\/v2\/pages\/861","targetHints":{"allow":["GET"]}}],"collection":[{"href":"https:\/\/hnv.is\/index.php\/wp-json\/wp\/v2\/pages"}],"about":[{"href":"https:\/\/hnv.is\/index.php\/wp-json\/wp\/v2\/types\/page"}],"author":[{"embeddable":true,"href":"https:\/\/hnv.is\/index.php\/wp-json\/wp\/v2\/users\/1"}],"replies":[{"embeddable":true,"href":"https:\/\/hnv.is\/index.php\/wp-json\/wp\/v2\/comments?post=861"}],"version-history":[{"count":30,"href":"https:\/\/hnv.is\/index.php\/wp-json\/wp\/v2\/pages\/861\/revisions"}],"predecessor-version":[{"id":2118,"href":"https:\/\/hnv.is\/index.php\/wp-json\/wp\/v2\/pages\/861\/revisions\/2118"}],"wp:attachment":[{"href":"https:\/\/hnv.is\/index.php\/wp-json\/wp\/v2\/media?parent=861"}],"curies":[{"name":"wp","href":"https:\/\/api.w.org\/{rel}","templated":true}]}}