{"id":853,"date":"2022-03-24T21:48:25","date_gmt":"2022-03-24T21:48:25","guid":{"rendered":"http:\/\/vefsida.tolvuland.is\/?page_id=853"},"modified":"2022-03-29T16:36:26","modified_gmt":"2022-03-29T16:36:26","slug":"eydublod-2","status":"publish","type":"page","link":"https:\/\/hnv.is\/index.php\/eydublod-2\/","title":{"rendered":"Ey\u00f0ubl\u00f6\u00f0"},"content":{"rendered":"<p>[et_pb_section fb_built=&#8220;1&#8243; admin_label=&#8220;Header&#8220; _builder_version=&#8220;4.15.1&#8243; background_image=&#8220;http:\/\/hnv.is\/wp-content\/uploads\/2022\/03\/s4_1080.jpg&#8220; parallax=&#8220;on&#8220; custom_margin=&#8220;|||&#8220; custom_padding=&#8220;12vw|0px|0|0px|false|false&#8220; global_colors_info=&#8220;{}&#8220;][et_pb_row column_structure=&#8220;3_4,1_4&#8243; padding_top_bottom_link_1=&#8220;false&#8220; padding_left_right_link_1=&#8220;true&#8220; _builder_version=&#8220;4.15&#8243; background_size=&#8220;initial&#8220; background_position=&#8220;top_left&#8220; background_repeat=&#8220;repeat&#8220; max_width=&#8220;1160px&#8220; custom_margin=&#8220;|||||false&#8220; custom_padding=&#8220;27px|0px|0|0px|false|false&#8220; use_custom_width=&#8220;on&#8220; custom_width_px=&#8220;1160px&#8220; global_colors_info=&#8220;{}&#8220;][et_pb_column type=&#8220;3_4&#8243; _builder_version=&#8220;4.15&#8243; background_color=&#8220;#ffffff&#8220; custom_padding=&#8220;40px|40px|0px|40px&#8220; global_colors_info=&#8220;{}&#8220; custom_padding__hover=&#8220;|||&#8220;][et_pb_text _builder_version=&#8220;4.15.1&#8243; text_font=&#8220;||||||||&#8220; ul_font=&#8220;||||||||&#8220; ol_font=&#8220;||||||||&#8220; header_font=&#8220;Playfair Display|700|||||||&#8220; header_font_size=&#8220;48px&#8220; header_line_height=&#8220;1.5em&#8220; header_2_font=&#8220;||||||||&#8220; header_3_font=&#8220;Rubik|500||on|||||&#8220; header_3_text_color=&#8220;#098cf2&#8243; header_3_font_size=&#8220;14px&#8220; header_3_letter_spacing=&#8220;2px&#8220; header_3_line_height=&#8220;2em&#8220; header_4_font=&#8220;||||||||&#8220; header_5_font=&#8220;||||||||&#8220; header_6_font=&#8220;||||||||&#8220; header_font_size_tablet=&#8220;38px&#8220; header_font_size_phone=&#8220;28px&#8220; header_font_size_last_edited=&#8220;on|phone&#8220; locked=&#8220;off&#8220; global_colors_info=&#8220;{}&#8220;]<\/p>\n<h1 class=\"text-align-center\">Ey\u00f0ubl\u00f6\u00f0<\/h1>\n<p>[\/et_pb_text][\/et_pb_column][et_pb_column type=&#8220;1_4&#8243; _builder_version=&#8220;4.15&#8243; custom_padding=&#8220;|||&#8220; global_colors_info=&#8220;{}&#8220; custom_padding__hover=&#8220;|||&#8220;][\/et_pb_column][\/et_pb_row][\/et_pb_section][et_pb_section fb_built=&#8220;1&#8243; admin_label=&#8220;Blog&#8220; _builder_version=&#8220;4.15&#8243; global_colors_info=&#8220;{}&#8220;][et_pb_row _builder_version=&#8220;4.15.1&#8243; _module_preset=&#8220;default&#8220; global_colors_info=&#8220;{}&#8220;][et_pb_column type=&#8220;4_4&#8243; _builder_version=&#8220;4.15.1&#8243; _module_preset=&#8220;default&#8220; global_colors_info=&#8220;{}&#8220;][et_pb_text _builder_version=&#8220;4.15.1&#8243; _module_preset=&#8220;default&#8220; text_font=&#8220;|700|||||||&#8220; text_font_size=&#8220;18px&#8220; hover_enabled=&#8220;0&#8243; global_colors_info=&#8220;{}&#8220; sticky_enabled=&#8220;0&#8243;]<\/p>\n<p><a href=\"\/wp-content\/uploads\/2018\/12\/Eydublad_til_umsoknar_a_starfsleyfi_fyrir_mengandi_matvaeli_og_vatnsbol_-leid.pdf\" target=\"_blank\" rel=\"noopener\">Starfsleyfi<\/a><br \/><a href=\"\/wp-content\/uploads\/2018\/12\/tobakssoluleyfi_2020.pdf\" target=\"_blank\" rel=\"noopener\">T\u00f3bakss\u00f6luleyfi<\/a><\/p>\n<p>[\/et_pb_text][\/et_pb_column][\/et_pb_row][\/et_pb_section]<\/p>\n","protected":false},"excerpt":{"rendered":"<p>Ey\u00f0ubl\u00f6\u00f0StarfsleyfiT\u00f3bakss\u00f6luleyfi<\/p>\n","protected":false},"author":1,"featured_media":0,"parent":0,"menu_order":0,"comment_status":"closed","ping_status":"closed","template":"","meta":{"_et_pb_use_builder":"on","_et_pb_old_content":"","_et_gb_content_width":"","_monsterinsights_skip_tracking":false,"_monsterinsights_sitenote_active":false,"_monsterinsights_sitenote_note":"","_monsterinsights_sitenote_category":0,"footnotes":""},"class_list":["post-853","page","type-page","status-publish","hentry"],"_links":{"self":[{"href":"https:\/\/hnv.is\/index.php\/wp-json\/wp\/v2\/pages\/853","targetHints":{"allow":["GET"]}}],"collection":[{"href":"https:\/\/hnv.is\/index.php\/wp-json\/wp\/v2\/pages"}],"about":[{"href":"https:\/\/hnv.is\/index.php\/wp-json\/wp\/v2\/types\/page"}],"author":[{"embeddable":true,"href":"https:\/\/hnv.is\/index.php\/wp-json\/wp\/v2\/users\/1"}],"replies":[{"embeddable":true,"href":"https:\/\/hnv.is\/index.php\/wp-json\/wp\/v2\/comments?post=853"}],"version-history":[{"count":7,"href":"https:\/\/hnv.is\/index.php\/wp-json\/wp\/v2\/pages\/853\/revisions"}],"predecessor-version":[{"id":975,"href":"https:\/\/hnv.is\/index.php\/wp-json\/wp\/v2\/pages\/853\/revisions\/975"}],"wp:attachment":[{"href":"https:\/\/hnv.is\/index.php\/wp-json\/wp\/v2\/media?parent=853"}],"curies":[{"name":"wp","href":"https:\/\/api.w.org\/{rel}","templated":true}]}}