{"id":838,"date":"2022-03-24T21:22:39","date_gmt":"2022-03-24T21:22:39","guid":{"rendered":"http:\/\/vefsida.tolvuland.is\/?page_id=838"},"modified":"2022-03-28T16:08:48","modified_gmt":"2022-03-28T16:08:48","slug":"eldri-fundargerdir-2","status":"publish","type":"page","link":"https:\/\/hnv.is\/index.php\/eldri-fundargerdir-2\/","title":{"rendered":"Eldri fundarger\u00f0ir"},"content":{"rendered":"<p>[et_pb_section fb_built=&#8220;1&#8243; admin_label=&#8220;Header&#8220; _builder_version=&#8220;4.15.1&#8243; background_image=&#8220;http:\/\/hnv.is\/wp-content\/uploads\/2022\/03\/s4_1080.jpg&#8220; parallax=&#8220;on&#8220; custom_margin=&#8220;|||&#8220; custom_padding=&#8220;12vw|0px|0|0px|false|false&#8220; hover_enabled=&#8220;0&#8243; global_colors_info=&#8220;{}&#8220; title_text=&#8220;s4_1080&#8243; sticky_enabled=&#8220;0&#8243;][et_pb_row column_structure=&#8220;3_4,1_4&#8243; padding_top_bottom_link_1=&#8220;false&#8220; padding_left_right_link_1=&#8220;true&#8220; _builder_version=&#8220;4.15&#8243; background_size=&#8220;initial&#8220; background_position=&#8220;top_left&#8220; background_repeat=&#8220;repeat&#8220; max_width=&#8220;1160px&#8220; custom_margin=&#8220;|||||false&#8220; custom_padding=&#8220;27px|0px|0|0px|false|false&#8220; use_custom_width=&#8220;on&#8220; custom_width_px=&#8220;1160px&#8220; global_colors_info=&#8220;{}&#8220;][et_pb_column type=&#8220;3_4&#8243; _builder_version=&#8220;4.15&#8243; background_color=&#8220;#ffffff&#8220; custom_padding=&#8220;40px|40px|0px|40px&#8220; global_colors_info=&#8220;{}&#8220; custom_padding__hover=&#8220;|||&#8220;][et_pb_text _builder_version=&#8220;4.15.1&#8243; text_font=&#8220;||||||||&#8220; ul_font=&#8220;||||||||&#8220; ol_font=&#8220;||||||||&#8220; header_font=&#8220;Playfair Display|700|||||||&#8220; header_font_size=&#8220;48px&#8220; header_line_height=&#8220;1.5em&#8220; header_2_font=&#8220;||||||||&#8220; header_3_font=&#8220;Rubik|500||on|||||&#8220; header_3_text_color=&#8220;#098cf2&#8243; header_3_font_size=&#8220;14px&#8220; header_3_letter_spacing=&#8220;2px&#8220; header_3_line_height=&#8220;2em&#8220; header_4_font=&#8220;||||||||&#8220; header_5_font=&#8220;||||||||&#8220; header_6_font=&#8220;||||||||&#8220; header_font_size_tablet=&#8220;38px&#8220; header_font_size_phone=&#8220;28px&#8220; header_font_size_last_edited=&#8220;on|phone&#8220; locked=&#8220;off&#8220; global_colors_info=&#8220;{}&#8220;]<\/p>\n<h1 class=\"text-align-center\">Eldri fundarger\u00f0ir<\/h1>\n<p>[\/et_pb_text][\/et_pb_column][et_pb_column type=&#8220;1_4&#8243; _builder_version=&#8220;4.15&#8243; custom_padding=&#8220;|||&#8220; global_colors_info=&#8220;{}&#8220; custom_padding__hover=&#8220;|||&#8220;][\/et_pb_column][\/et_pb_row][\/et_pb_section][et_pb_section fb_built=&#8220;1&#8243; admin_label=&#8220;Blog&#8220; _builder_version=&#8220;4.15&#8243; global_colors_info=&#8220;{}&#8220;][et_pb_row _builder_version=&#8220;4.15.1&#8243; _module_preset=&#8220;default&#8220; global_colors_info=&#8220;{}&#8220;][et_pb_column type=&#8220;4_4&#8243; _builder_version=&#8220;4.15.1&#8243; _module_preset=&#8220;default&#8220; global_colors_info=&#8220;{}&#8220;][et_pb_text _builder_version=&#8220;4.15.1&#8243; _module_preset=&#8220;default&#8220; global_colors_info=&#8220;{}&#8220;]<a href=\"\/wp-content\/uploads\/2022\/03\/310112-1.pdf\" target=\"_blank\" rel=\"noopener\"><span data-mce-type=\"bookmark\" style=\"display: inline-block; width: 0px; overflow: hidden; line-height: 0;\" class=\"mce_SELRES_start\">\ufeff<\/span>Fundur 31.01.2012<\/a><br \/>\n<a href=\"\/wp-content\/uploads\/2022\/03\/310112b.pdf\" target=\"_blank\" rel=\"noopener\">Fundur 31.01.2012<\/a><br \/>\n<a href=\"\/wp-content\/uploads\/2022\/03\/151211.pdf\" target=\"_blank\" rel=\"noopener\">Fundur 15.12.2011<\/a><br \/>\n<a href=\"\/wp-content\/uploads\/2022\/03\/111122.pdf\" target=\"_blank\" rel=\"noopener\">Fundur 22.11.2011<\/a><br \/>\n<a href=\"\/wp-content\/uploads\/2022\/03\/111101.pdf\" target=\"_blank\" rel=\"noopener\">Fundur 1.11.2011<\/a><br \/>\n<a href=\"\/wp-content\/uploads\/2022\/03\/110804.pdf\" target=\"_blank\" rel=\"noopener\">Fundur 4.8.2011<\/a><br \/>\n<a href=\"\/wp-content\/uploads\/2022\/03\/110111.pdf\" target=\"_blank\" rel=\"noopener\">Fundur 11.1.2011<\/a><br \/>\n<a href=\"wp-content\/uploads\/2022\/03\/180411.pdf\" target=\"_blank\" rel=\"noopener\">Fundur 18.4.2011<\/a><br \/>\n<a href=\"wp-content\/uploads\/2022\/03\/270410.pdf\" target=\"_blank\" rel=\"noopener\">Fundur 27.4. 2010<\/a><br \/>\n<a href=\"wp-content\/uploads\/2022\/03\/020310.pdf\" target=\"_blank\" rel=\"noopener\">Fundur 2.3. 2010<\/a><br \/>\n<a href=\"wp-content\/uploads\/2022\/03\/220211.pdf\" target=\"_blank\" rel=\"noopener\">Fundur 22.2.2011<\/a><br \/>\n<a href=\"wp-content\/uploads\/2022\/03\/270410.pdf\" target=\"_blank\" rel=\"noopener\">Fundur 27.4. 2010<\/a><br \/>\n<a href=\"wp-content\/uploads\/2022\/03\/020310.pdf\" target=\"_blank\" rel=\"noopener\">Fundur 2.3. 2010<\/a><br \/>\n<a href=\"wp-content\/uploads\/2022\/03\/56.pdf\" target=\"_blank\" rel=\"noopener\">Vatnsverndarsv\u00e6\u00f0i Skagastrandar 11.1. 2011<\/a><br \/>\n<a href=\"wp-content\/uploads\/2022\/03\/171110.pdf\" target=\"_blank\" rel=\"noopener\">Fundur 17. n\u00f3vember 2010<\/a><br \/>\n<a href=\"wp-content\/uploads\/2022\/03\/271010.pdf\" target=\"_blank\" rel=\"noopener\">Fundur 27.10, 2010<\/a><br \/>\n<a href=\"wp-content\/uploads\/2022\/03\/100610.pdf\" target=\"_blank\" rel=\"noopener\">Fundur 10. j\u00fan\u00ed 2010<\/a><br \/>\n<a href=\"wp-content\/uploads\/2022\/03\/260110.pdf\" target=\"_blank\" rel=\"noopener\">Fundarger\u00f0 26.1.2010<\/a><br \/>\n<a href=\"wp-content\/uploads\/2022\/03\/051109.pdf\" target=\"_blank\" rel=\"noopener\">Fundur 5.11.2009<\/a><br \/>\n<a href=\"wp-content\/uploads\/2022\/03\/020909.pdf\" target=\"_blank\" rel=\"noopener\">Fundur 2.9.2009<\/a><br \/>\n<a href=\"wp-content\/uploads\/2022\/03\/48.pdf\" target=\"_blank\" rel=\"noopener\">Fundur Heilbrig\u00f0isnefnda j\u00fan\u00ed 2009<\/a><br \/>\n<a href=\"wp-content\/uploads\/2022\/03\/47.pdf\" target=\"_blank\" rel=\"noopener\">Fundur heilbrig\u00f0isnefndar 26.05.09<\/a><br \/>\n<a href=\"wp-content\/uploads\/2022\/03\/060309.pdf\" target=\"_blank\" rel=\"noopener\">Fundur 6, mars 2009<\/a><br \/>\n<a href=\"wp-content\/uploads\/2022\/03\/060209.pdf\" target=\"_blank\" rel=\"noopener\">Fundur 6. febr\u00faar 2009<\/a><br \/>\n<a href=\"wp-content\/uploads\/2022\/03\/071108.pdf\" target=\"_blank\" rel=\"noopener\">Fundarger\u00f0 7.11.2008<\/a><br \/>\n<a href=\"wp-content\/uploads\/2022\/03\/020408.doc\" target=\"_blank\" rel=\"noopener\" title=\"Heilbrig\u00f0isnefnd Nor\u00f0urlands vestra Fundur  2.4.2008,  S\u00e6mundarg\u00f6tu 1, Sau\u00f0\u00e1rkr\u00f3ki.\">Fundur 2.4.2008<\/a><br \/>\n<a href=\"wp-content\/uploads\/2022\/03\/290108.doc\" target=\"_blank\" rel=\"noopener\">Fundur 29. jan\u00faar 2008<\/a><br \/>\n<a href=\"wp-content\/uploads\/2022\/03\/280807.htm\" target=\"_blank\" rel=\"noopener\">Fundarger\u00f0 28.8. 2007<\/a><br \/>\n<a href=\"wp-content\/uploads\/2022\/03\/200607.pdf\" target=\"_blank\" rel=\"noopener\">Fundarger\u00f0 20.6.2007<\/a><br \/>\n<a href=\"wp-content\/uploads\/2022\/03\/140207.pdf\" target=\"_blank\" rel=\"noopener\">Fundarger\u00f0 14.2.2007<\/a><br \/>\n<a href=\"wp-content\/uploads\/2022\/03\/061106.pdf\" target=\"_blank\" rel=\"noopener\">Fundarger\u00f0 6.11. 2006<\/a><br \/>\n<a href=\"wp-content\/uploads\/2022\/03\/210906.pdf\" target=\"_blank\" rel=\"noopener\">Fundarger\u00f0 21.9. 2006<\/a><br \/>\n<a href=\"wp-content\/uploads\/2022\/03\/220806.pdf\" target=\"_blank\" rel=\"noopener\">Fundarger\u00f0 22.8.2006<\/a><br \/>\n<a href=\"wp-content\/uploads\/2022\/03\/150506.pdf\" target=\"_blank\" rel=\"noopener\">Fundarger\u00f0 15.5.2006<\/a><br \/>\n<a href=\"wp-content\/uploads\/2022\/03\/140306.pdf\" target=\"_blank\" rel=\"noopener\">Fundarger\u00f0 14.3.2006<\/a><br \/>\n<a href=\"wp-content\/uploads\/2022\/03\/271005.pdf\" target=\"_blank\" rel=\"noopener\">Fundarger\u00f0 27.10.2005<\/a><br \/>\n<a href=\"wp-content\/uploads\/2022\/03\/250805.pdf\" target=\"_blank\" rel=\"noopener\">Fundarger\u00f0 25.8.2005<\/a><br \/>\n<a href=\"wp-content\/uploads\/2022\/03\/030805.pdf\" target=\"_blank\" rel=\"noopener\">Fundarger\u00f0 3.8.2005<\/a><br \/>\n<a href=\"wp-content\/uploads\/2022\/03\/280605.pdf\" target=\"_blank\" rel=\"noopener\">Fundarger\u00f0 28.6.2005<\/a><br \/>\n<a href=\"wp-content\/uploads\/2022\/03\/080605.pdf\" target=\"_blank\" rel=\"noopener\">Fundarger\u00f0 8.6.2005<\/a><br \/>\n<a href=\"wp-content\/uploads\/2022\/03\/130405.pdf\" target=\"_blank\" rel=\"noopener\">Fundarger\u00f0 13.4.2005<\/a><br \/>\n<a href=\"wp-content\/uploads\/2022\/03\/100205.pdf\" target=\"_blank\" rel=\"noopener\">Fundarger\u00f0 10.2.2005<\/a>[\/et_pb_text][\/et_pb_column][\/et_pb_row][\/et_pb_section]<\/p>\n","protected":false},"excerpt":{"rendered":"<p>Eldri fundarger\u00f0ir\ufeffFundur 31.01.2012 Fundur 31.01.2012 Fundur 15.12.2011 Fundur 22.11.2011 Fundur 1.11.2011 Fundur 4.8.2011 Fundur 11.1.2011 Fundur 18.4.2011 Fundur 27.4. 2010 Fundur 2.3. 2010 Fundur 22.2.2011 Fundur 27.4. 2010 Fundur 2.3. 2010 Vatnsverndarsv\u00e6\u00f0i Skagastrandar 11.1. 2011 Fundur 17. n\u00f3vember 2010 Fundur 27.10, 2010 Fundur 10. j\u00fan\u00ed 2010 Fundarger\u00f0 26.1.2010 Fundur 5.11.2009 Fundur 2.9.2009 Fundur Heilbrig\u00f0isnefnda j\u00fan\u00ed [&hellip;]<\/p>\n","protected":false},"author":1,"featured_media":0,"parent":0,"menu_order":0,"comment_status":"closed","ping_status":"closed","template":"","meta":{"_et_pb_use_builder":"on","_et_pb_old_content":"","_et_gb_content_width":"","_monsterinsights_skip_tracking":false,"_monsterinsights_sitenote_active":false,"_monsterinsights_sitenote_note":"","_monsterinsights_sitenote_category":0,"footnotes":""},"class_list":["post-838","page","type-page","status-publish","hentry"],"_links":{"self":[{"href":"https:\/\/hnv.is\/index.php\/wp-json\/wp\/v2\/pages\/838","targetHints":{"allow":["GET"]}}],"collection":[{"href":"https:\/\/hnv.is\/index.php\/wp-json\/wp\/v2\/pages"}],"about":[{"href":"https:\/\/hnv.is\/index.php\/wp-json\/wp\/v2\/types\/page"}],"author":[{"embeddable":true,"href":"https:\/\/hnv.is\/index.php\/wp-json\/wp\/v2\/users\/1"}],"replies":[{"embeddable":true,"href":"https:\/\/hnv.is\/index.php\/wp-json\/wp\/v2\/comments?post=838"}],"version-history":[{"count":4,"href":"https:\/\/hnv.is\/index.php\/wp-json\/wp\/v2\/pages\/838\/revisions"}],"predecessor-version":[{"id":906,"href":"https:\/\/hnv.is\/index.php\/wp-json\/wp\/v2\/pages\/838\/revisions\/906"}],"wp:attachment":[{"href":"https:\/\/hnv.is\/index.php\/wp-json\/wp\/v2\/media?parent=838"}],"curies":[{"name":"wp","href":"https:\/\/api.w.org\/{rel}","templated":true}]}}