{"id":1440,"date":"2023-02-10T10:41:22","date_gmt":"2023-02-10T10:41:22","guid":{"rendered":"https:\/\/hnv.is\/?page_id=1440"},"modified":"2023-02-10T10:42:49","modified_gmt":"2023-02-10T10:42:49","slug":"sjoda-neysluvatnid-a-hvammstanga-i-varudarskyni","status":"publish","type":"page","link":"https:\/\/hnv.is\/index.php\/tilkynningar-2\/sjoda-neysluvatnid-a-hvammstanga-i-varudarskyni\/","title":{"rendered":"Sj\u00f3\u00f0a neysluvatni\u00f0 \u00e1 Hvammstanga \u00ed var\u00fa\u00f0arskyni"},"content":{"rendered":"<p>Sta\u00f0fest hefur veri\u00f0 a\u00f0 s\u00fdni sem Heilbrig\u00f0iseftirliti\u00f0 t\u00f3k \u00e1 Hvammstanga, innih\u00e9lt coli\u00a0 gerla \u00ed miklu magni.<\/p>\n<p>\u00cd samr\u00e6mi vi\u00f0 14. gr. regluger\u00f0ar um neysluvatn nr. 536\/2001,r\u00e1\u00f0leggur Heilbrig\u00f0iseftirliti\u00f0 \u00ed samr\u00e1\u00f0i vi\u00f0 Matv\u00e6lastofnun a\u00f0\u00a0 neysluvatni\u00f0 \u00e1 Hvammstanga, s\u00e9 so\u00f0i\u00f0 fyrir neyslu.<\/p>\n<p>Heilbrig\u00f0iseftirliti\u00f0 mun l\u00e1ta \u00edb\u00faa vita \u00feegar nau\u00f0synlegum a\u00f0ger\u00f0um til \u00farb\u00f3ta \u00e1 vatnsveitunni er loki\u00f0, sem tryggja endurheimt vatnstg\u00e6\u00f0a.<\/p>\n<p><img loading=\"lazy\" decoding=\"async\" class=\"alignnone size-medium wp-image-1345\" src=\"http:\/\/hnv.is\/wp-content\/uploads\/2022\/09\/do-not-drink-water-sign-300x217.gif\" alt=\"\" width=\"300\" height=\"217\" \/><\/p>\n<p>[pdf-embedder url=&#8220;http:\/\/hnv.is\/wp-content\/uploads\/2022\/09\/Suduleidbeiningar_12.09.2018_loka_loka.pdf&#8220; title=&#8220;Su\u00f0ulei\u00f0beiningar_12.09.2018_loka_loka&#8220;]<\/p>\n","protected":false},"excerpt":{"rendered":"<p>Sta\u00f0fest hefur veri\u00f0 a\u00f0 s\u00fdni sem Heilbrig\u00f0iseftirliti\u00f0 t\u00f3k \u00e1 Hvammstanga, innih\u00e9lt coli\u00a0 gerla \u00ed miklu magni. \u00cd samr\u00e6mi vi\u00f0 14. gr. regluger\u00f0ar um neysluvatn nr. 536\/2001,r\u00e1\u00f0leggur Heilbrig\u00f0iseftirliti\u00f0 \u00ed samr\u00e1\u00f0i vi\u00f0 Matv\u00e6lastofnun a\u00f0\u00a0 neysluvatni\u00f0 \u00e1 Hvammstanga, s\u00e9 so\u00f0i\u00f0 fyrir neyslu. Heilbrig\u00f0iseftirliti\u00f0 mun l\u00e1ta \u00edb\u00faa vita \u00feegar nau\u00f0synlegum a\u00f0ger\u00f0um til \u00farb\u00f3ta \u00e1 vatnsveitunni er loki\u00f0, sem tryggja [&hellip;]<\/p>\n","protected":false},"author":2,"featured_media":0,"parent":827,"menu_order":0,"comment_status":"closed","ping_status":"closed","template":"","meta":{"_et_pb_use_builder":"","_et_pb_old_content":"","_et_gb_content_width":"","_monsterinsights_skip_tracking":false,"_monsterinsights_sitenote_active":false,"_monsterinsights_sitenote_note":"","_monsterinsights_sitenote_category":0,"footnotes":""},"class_list":["post-1440","page","type-page","status-publish","hentry"],"_links":{"self":[{"href":"https:\/\/hnv.is\/index.php\/wp-json\/wp\/v2\/pages\/1440","targetHints":{"allow":["GET"]}}],"collection":[{"href":"https:\/\/hnv.is\/index.php\/wp-json\/wp\/v2\/pages"}],"about":[{"href":"https:\/\/hnv.is\/index.php\/wp-json\/wp\/v2\/types\/page"}],"author":[{"embeddable":true,"href":"https:\/\/hnv.is\/index.php\/wp-json\/wp\/v2\/users\/2"}],"replies":[{"embeddable":true,"href":"https:\/\/hnv.is\/index.php\/wp-json\/wp\/v2\/comments?post=1440"}],"version-history":[{"count":1,"href":"https:\/\/hnv.is\/index.php\/wp-json\/wp\/v2\/pages\/1440\/revisions"}],"predecessor-version":[{"id":1441,"href":"https:\/\/hnv.is\/index.php\/wp-json\/wp\/v2\/pages\/1440\/revisions\/1441"}],"up":[{"embeddable":true,"href":"https:\/\/hnv.is\/index.php\/wp-json\/wp\/v2\/pages\/827"}],"wp:attachment":[{"href":"https:\/\/hnv.is\/index.php\/wp-json\/wp\/v2\/media?parent=1440"}],"curies":[{"name":"wp","href":"https:\/\/api.w.org\/{rel}","templated":true}]}}